{"id":3992,"date":"2026-01-14T10:05:47","date_gmt":"2026-01-14T10:05:47","guid":{"rendered":"https:\/\/ccs-btp.com\/%d9%85%d8%b4%d8%a7%d8%b1%d9%8a%d8%b9-%d8%b5%d9%86%d8%a7%d8%b9%d9%8a%d8%a9\/"},"modified":"2026-04-17T08:44:14","modified_gmt":"2026-04-17T08:44:14","slug":"%d9%85%d8%b4%d8%a7%d8%b1%d9%8a%d8%b9-%d8%b5%d9%86%d8%a7%d8%b9%d9%8a%d8%a9","status":"publish","type":"page","link":"http:\/\/ccs-btp.com\/ar\/%d9%85%d8%b4%d8%a7%d8%b1%d9%8a%d8%b9-%d8%b5%d9%86%d8%a7%d8%b9%d9%8a%d8%a9\/","title":{"rendered":"\u0645\u0634\u0627\u0631\u064a\u0639 \u0635\u0646\u0627\u0639\u064a\u0629"},"content":{"rendered":"\t\t<div data-elementor-type=\"wp-page\" data-elementor-id=\"3992\" class=\"elementor elementor-3992 elementor-3811\">\n\t\t\t\t\t\t<section class=\"elementor-section elementor-top-section elementor-element elementor-element-10435c6 elementor-section-boxed elementor-section-height-default elementor-section-height-default\" data-id=\"10435c6\" data-element_type=\"section\" data-e-type=\"section\" data-settings=\"{&quot;background_background&quot;:&quot;classic&quot;}\">\n\t\t\t\t\t\t<div class=\"elementor-container elementor-column-gap-default\">\n\t\t\t\t\t<div class=\"elementor-column elementor-col-100 elementor-top-column elementor-element elementor-element-847fbd1\" data-id=\"847fbd1\" data-element_type=\"column\" data-e-type=\"column\">\n\t\t\t<div class=\"elementor-widget-wrap elementor-element-populated\">\n\t\t\t\t\t\t<div class=\"elementor-element elementor-element-feb49ee elementor-widget elementor-widget-sc-heading\" data-id=\"feb49ee\" data-element_type=\"widget\" data-e-type=\"widget\" data-widget_type=\"sc-heading.default\">\n\t\t\t\t<div class=\"elementor-widget-container\">\n\t\t\t\t\t\t\t<div id=\"wt-at-feb49ee\" class=\"headng-wrap center\">\n\t\t\t<div class=\"section-heading\">\n\t\t\t\t\t\t\t\t\t\t\t<h2\t\t\t\t class=\"heading\"\t\t\t\t>\u0645\u0634\u0627\u0631\u064a\u0639 \u0635\u0646\u0627\u0639\u064a\u0629  <\/h2>\n\t\t\t\t\t\t\t\t\t\t\t<\/div>\n\t\t<\/div>\n\n\t\t\t\t\t<\/div>\n\t\t\t\t<\/div>\n\t\t\t\t\t<\/div>\n\t\t<\/div>\n\t\t\t\t\t<\/div>\n\t\t<\/section>\n\t\t\t\t<section class=\"elementor-section elementor-top-section elementor-element elementor-element-bd62c88 elementor-section-boxed elementor-section-height-default elementor-section-height-default\" data-id=\"bd62c88\" data-element_type=\"section\" data-e-type=\"section\">\n\t\t\t\t\t\t<div class=\"elementor-container elementor-column-gap-default\">\n\t\t\t\t\t<div class=\"elementor-column elementor-col-100 elementor-top-column elementor-element elementor-element-1525dec\" data-id=\"1525dec\" data-element_type=\"column\" data-e-type=\"column\">\n\t\t\t<div class=\"elementor-widget-wrap elementor-element-populated\">\n\t\t\t\t\t\t<div class=\"elementor-element elementor-element-f4afa45 elementor-widget elementor-widget-sc-blog\" data-id=\"f4afa45\" data-element_type=\"widget\" data-e-type=\"widget\" data-widget_type=\"sc-blog.default\">\n\t\t\t\t<div class=\"elementor-widget-container\">\n\t\t\t\t\t\n\t\t\n\t\t<div class=\"el-blog-posts\">\n\n\t\t\n\t\t\t<article class=\"blog-post post-4073 post type-post status-publish format-standard has-post-thumbnail hentry category-51 tag-53 tag-52 tag-55 tag-54 tag-56\" id=\"post-4073\">\n\t\t\t\t<div class=\"blog-post-inner\">\n\t\t\t\t\t<div class=\"entry_thumb\">\n\t\t\t\t\t\t<a href=\"http:\/\/ccs-btp.com\/ar\/2025\/01\/10\/hangard-ms-%d8%a7%d9%84%d8%b7%d8%a8%d9%8a%d8%a9\/\" class=\"entry_thumb-link\">\n\t\t\t\t\t\t\t<img fetchpriority=\"high\" decoding=\"async\" width=\"414\" height=\"302\" src=\"http:\/\/ccs-btp.com\/wp-content\/uploads\/2025\/01\/Image8.jpg\" class=\"attachment-400x300-blog size-400x300-blog wp-post-image\" alt=\"\" srcset=\"http:\/\/ccs-btp.com\/wp-content\/uploads\/2025\/01\/Image8.jpg 414w, http:\/\/ccs-btp.com\/wp-content\/uploads\/2025\/01\/Image8-300x219.jpg 300w\" sizes=\"(max-width: 414px) 100vw, 414px\" \/>\t\t\t\t\t\t<\/a>\n\t\t\t\t\t<\/div>\n\n\t\t\t\t\t<div class=\"entry_text\">\n\t\t\t\t\t\t<div class=\"entry_header\">\n\t\t\t\t\t\t\t\t\t\t\t\t\t\t<div class=\"meta-info show\">\n\t\t\t\t\t\t\t<a href=\"http:\/\/ccs-btp.com\/ar\/category\/%d9%85%d8%b4%d8%a7%d8%b1%d9%8a%d8%b9-%d8%b5%d9%86%d8%a7%d8%b9%d9%8a%d8%a9\/\" class=\"post-cat\">\u0645\u0634\u0627\u0631\u064a\u0639 \u0635\u0646\u0627\u0639\u064a\u0629<\/a>\t\t\t\t\t\t\t<\/div>\n\t\t\t\t\t\t\t\t\t\t\t\t\t\t<h2 class=\"entry_title\"><a href=\"http:\/\/ccs-btp.com\/ar\/2025\/01\/10\/hangard-ms-%d8%a7%d9%84%d8%b7%d8%a8%d9%8a%d8%a9\/\" rel=\"bookmark\">Hangard MS \u0627\u0644\u0637\u0628\u064a\u0629<\/a><\/h2>\t\t\t\t\t\t<\/div>\n\t\t\t\t\t\t\t\t\t\t\t\t<div class=\"entry-excerpt\">\n\t\t\t\t\t\t\t\t\t\t\t\t\t<\/div><!-- .entry-content -->\n\t\t\t\t\t\t\t\t\t\t\t\t\t\t\t\t\t<\/div>\n\t\t\t\t<\/div>\n\t\t\t<\/article> <!-- #post-## -->\n\n\t\t\t\n\t\t\t<article class=\"blog-post post-4060 post type-post status-publish format-standard has-post-thumbnail hentry category-51 tag-53 tag-52 tag-55 tag-54 tag-56\" id=\"post-4060\">\n\t\t\t\t<div class=\"blog-post-inner\">\n\t\t\t\t\t<div class=\"entry_thumb\">\n\t\t\t\t\t\t<a href=\"http:\/\/ccs-btp.com\/ar\/2025\/01\/10\/%d9%85%d8%b5%d9%86%d8%b9-%d9%84%d8%a5%d9%86%d8%aa%d8%a7%d8%ac-%d8%a7%d9%84%d8%b9%d8%ac%d8%a7%d8%a6%d9%86-%d8%a7%d9%84%d8%ba%d8%b0%d8%a7%d8%a6%d9%8a%d8%a9\/\" class=\"entry_thumb-link\">\n\t\t\t\t\t\t\t<img decoding=\"async\" width=\"640\" height=\"329\" src=\"http:\/\/ccs-btp.com\/wp-content\/uploads\/2025\/01\/Image7.jpg\" class=\"attachment-400x300-blog size-400x300-blog wp-post-image\" alt=\"\" srcset=\"http:\/\/ccs-btp.com\/wp-content\/uploads\/2025\/01\/Image7.jpg 640w, http:\/\/ccs-btp.com\/wp-content\/uploads\/2025\/01\/Image7-300x154.jpg 300w\" sizes=\"(max-width: 640px) 100vw, 640px\" \/>\t\t\t\t\t\t<\/a>\n\t\t\t\t\t<\/div>\n\n\t\t\t\t\t<div class=\"entry_text\">\n\t\t\t\t\t\t<div class=\"entry_header\">\n\t\t\t\t\t\t\t\t\t\t\t\t\t\t<div class=\"meta-info show\">\n\t\t\t\t\t\t\t<a href=\"http:\/\/ccs-btp.com\/ar\/category\/%d9%85%d8%b4%d8%a7%d8%b1%d9%8a%d8%b9-%d8%b5%d9%86%d8%a7%d8%b9%d9%8a%d8%a9\/\" class=\"post-cat\">\u0645\u0634\u0627\u0631\u064a\u0639 \u0635\u0646\u0627\u0639\u064a\u0629<\/a>\t\t\t\t\t\t\t<\/div>\n\t\t\t\t\t\t\t\t\t\t\t\t\t\t<h2 class=\"entry_title\"><a href=\"http:\/\/ccs-btp.com\/ar\/2025\/01\/10\/%d9%85%d8%b5%d9%86%d8%b9-%d9%84%d8%a5%d9%86%d8%aa%d8%a7%d8%ac-%d8%a7%d9%84%d8%b9%d8%ac%d8%a7%d8%a6%d9%86-%d8%a7%d9%84%d8%ba%d8%b0%d8%a7%d8%a6%d9%8a%d8%a9\/\" rel=\"bookmark\">\u0645\u0635\u0646\u0639 \u0644\u0625\u0646\u062a\u0627\u062c \u0627\u0644\u0639\u062c\u0627\u0626\u0646 \u0627\u0644\u063a\u0630\u0627\u0626\u064a\u0629<\/a><\/h2>\t\t\t\t\t\t<\/div>\n\t\t\t\t\t\t\t\t\t\t\t\t<div class=\"entry-excerpt\">\n\t\t\t\t\t\t\t\t\t\t\t\t\t<\/div><!-- .entry-content -->\n\t\t\t\t\t\t\t\t\t\t\t\t\t\t\t\t\t<\/div>\n\t\t\t\t<\/div>\n\t\t\t<\/article> <!-- #post-## -->\n\n\t\t\t\n\t\t\t<article class=\"blog-post post-4045 post type-post status-publish format-standard has-post-thumbnail hentry category-51 tag-53 tag-52 tag-55 tag-54 tag-56\" id=\"post-4045\">\n\t\t\t\t<div class=\"blog-post-inner\">\n\t\t\t\t\t<div class=\"entry_thumb\">\n\t\t\t\t\t\t<a href=\"http:\/\/ccs-btp.com\/ar\/2025\/01\/10\/%d9%85%d8%b5%d9%86%d8%b9-%d8%aa%d8%b5%d9%86%d9%8a%d8%b9-%d8%a7%d9%84%d8%ac%d8%a8%d8%b3\/\" class=\"entry_thumb-link\">\n\t\t\t\t\t\t\t<img decoding=\"async\" width=\"559\" height=\"318\" src=\"http:\/\/ccs-btp.com\/wp-content\/uploads\/2025\/01\/Image4.jpg\" class=\"attachment-400x300-blog size-400x300-blog wp-post-image\" alt=\"\" srcset=\"http:\/\/ccs-btp.com\/wp-content\/uploads\/2025\/01\/Image4.jpg 559w, http:\/\/ccs-btp.com\/wp-content\/uploads\/2025\/01\/Image4-300x171.jpg 300w\" sizes=\"(max-width: 559px) 100vw, 559px\" \/>\t\t\t\t\t\t<\/a>\n\t\t\t\t\t<\/div>\n\n\t\t\t\t\t<div class=\"entry_text\">\n\t\t\t\t\t\t<div class=\"entry_header\">\n\t\t\t\t\t\t\t\t\t\t\t\t\t\t<div class=\"meta-info show\">\n\t\t\t\t\t\t\t<a href=\"http:\/\/ccs-btp.com\/ar\/category\/%d9%85%d8%b4%d8%a7%d8%b1%d9%8a%d8%b9-%d8%b5%d9%86%d8%a7%d8%b9%d9%8a%d8%a9\/\" class=\"post-cat\">\u0645\u0634\u0627\u0631\u064a\u0639 \u0635\u0646\u0627\u0639\u064a\u0629<\/a>\t\t\t\t\t\t\t<\/div>\n\t\t\t\t\t\t\t\t\t\t\t\t\t\t<h2 class=\"entry_title\"><a href=\"http:\/\/ccs-btp.com\/ar\/2025\/01\/10\/%d9%85%d8%b5%d9%86%d8%b9-%d8%aa%d8%b5%d9%86%d9%8a%d8%b9-%d8%a7%d9%84%d8%ac%d8%a8%d8%b3\/\" rel=\"bookmark\">\u0645\u0635\u0646\u0639 \u062a\u0635\u0646\u064a\u0639 \u0627\u0644\u062c\u0628\u0633<\/a><\/h2>\t\t\t\t\t\t<\/div>\n\t\t\t\t\t\t\t\t\t\t\t\t<div class=\"entry-excerpt\">\n\t\t\t\t\t\t\t\t\t\t\t\t\t<\/div><!-- .entry-content -->\n\t\t\t\t\t\t\t\t\t\t\t\t\t\t\t\t\t<\/div>\n\t\t\t\t<\/div>\n\t\t\t<\/article> <!-- #post-## -->\n\n\t\t\t\n\t\t\t<article class=\"blog-post post-3975 post type-post status-publish format-standard has-post-thumbnail hentry category-51 tag-53 tag-52 tag-55 tag-54 tag-56\" id=\"post-3975\">\n\t\t\t\t<div class=\"blog-post-inner\">\n\t\t\t\t\t<div class=\"entry_thumb\">\n\t\t\t\t\t\t<a href=\"http:\/\/ccs-btp.com\/ar\/2025\/01\/10\/%d9%85%d8%b5%d9%86%d8%b9-%d9%85%d8%b9%d8%a7%d9%84%d8%ac%d8%a9-%d8%a7%d9%84%d8%a3%d8%b3%d9%85%d8%a7%d9%83\/\" class=\"entry_thumb-link\">\n\t\t\t\t\t\t\t<img loading=\"lazy\" decoding=\"async\" width=\"448\" height=\"283\" src=\"http:\/\/ccs-btp.com\/wp-content\/uploads\/2025\/01\/Image5.jpg\" class=\"attachment-400x300-blog size-400x300-blog wp-post-image\" alt=\"\" srcset=\"http:\/\/ccs-btp.com\/wp-content\/uploads\/2025\/01\/Image5.jpg 448w, http:\/\/ccs-btp.com\/wp-content\/uploads\/2025\/01\/Image5-300x190.jpg 300w\" sizes=\"(max-width: 448px) 100vw, 448px\" \/>\t\t\t\t\t\t<\/a>\n\t\t\t\t\t<\/div>\n\n\t\t\t\t\t<div class=\"entry_text\">\n\t\t\t\t\t\t<div class=\"entry_header\">\n\t\t\t\t\t\t\t\t\t\t\t\t\t\t<div class=\"meta-info show\">\n\t\t\t\t\t\t\t<a href=\"http:\/\/ccs-btp.com\/ar\/category\/%d9%85%d8%b4%d8%a7%d8%b1%d9%8a%d8%b9-%d8%b5%d9%86%d8%a7%d8%b9%d9%8a%d8%a9\/\" class=\"post-cat\">\u0645\u0634\u0627\u0631\u064a\u0639 \u0635\u0646\u0627\u0639\u064a\u0629<\/a>\t\t\t\t\t\t\t<\/div>\n\t\t\t\t\t\t\t\t\t\t\t\t\t\t<h2 class=\"entry_title\"><a href=\"http:\/\/ccs-btp.com\/ar\/2025\/01\/10\/%d9%85%d8%b5%d9%86%d8%b9-%d9%85%d8%b9%d8%a7%d9%84%d8%ac%d8%a9-%d8%a7%d9%84%d8%a3%d8%b3%d9%85%d8%a7%d9%83\/\" rel=\"bookmark\">\u0645\u0635\u0646\u0639 \u0645\u0639\u0627\u0644\u062c\u0629 \u0627\u0644\u0623\u0633\u0645\u0627\u0643<\/a><\/h2>\t\t\t\t\t\t<\/div>\n\t\t\t\t\t\t\t\t\t\t\t\t<div class=\"entry-excerpt\">\n\t\t\t\t\t\t\t\t\t\t\t\t\t<\/div><!-- .entry-content -->\n\t\t\t\t\t\t\t\t\t\t\t\t\t\t\t\t\t<\/div>\n\t\t\t\t<\/div>\n\t\t\t<\/article> <!-- #post-## -->\n\n\t\t\t\n\t\t\t<article class=\"blog-post post-3962 post type-post status-publish format-standard has-post-thumbnail hentry category-51 tag-53 tag-52 tag-55 tag-54 tag-56\" id=\"post-3962\">\n\t\t\t\t<div class=\"blog-post-inner\">\n\t\t\t\t\t<div class=\"entry_thumb\">\n\t\t\t\t\t\t<a href=\"http:\/\/ccs-btp.com\/ar\/2025\/01\/10\/%d8%b5%d9%88%d8%a7%d9%85%d8%b9-%d8%aa%d8%ae%d8%b2%d9%8a%d9%86-%d8%a8%d8%b3%d8%b9%d8%a9-35000-%d8%b7%d9%86-%d9%85%d9%86-%d8%a7%d9%84%d9%82%d9%85%d8%ad\/\" class=\"entry_thumb-link\">\n\t\t\t\t\t\t\t<img loading=\"lazy\" decoding=\"async\" width=\"335\" height=\"336\" src=\"http:\/\/ccs-btp.com\/wp-content\/uploads\/2025\/01\/Image3.jpg\" class=\"attachment-400x300-blog size-400x300-blog wp-post-image\" alt=\"\" srcset=\"http:\/\/ccs-btp.com\/wp-content\/uploads\/2025\/01\/Image3.jpg 335w, http:\/\/ccs-btp.com\/wp-content\/uploads\/2025\/01\/Image3-300x300.jpg 300w, http:\/\/ccs-btp.com\/wp-content\/uploads\/2025\/01\/Image3-150x150.jpg 150w\" sizes=\"(max-width: 335px) 100vw, 335px\" \/>\t\t\t\t\t\t<\/a>\n\t\t\t\t\t<\/div>\n\n\t\t\t\t\t<div class=\"entry_text\">\n\t\t\t\t\t\t<div class=\"entry_header\">\n\t\t\t\t\t\t\t\t\t\t\t\t\t\t<div class=\"meta-info show\">\n\t\t\t\t\t\t\t<a href=\"http:\/\/ccs-btp.com\/ar\/category\/%d9%85%d8%b4%d8%a7%d8%b1%d9%8a%d8%b9-%d8%b5%d9%86%d8%a7%d8%b9%d9%8a%d8%a9\/\" class=\"post-cat\">\u0645\u0634\u0627\u0631\u064a\u0639 \u0635\u0646\u0627\u0639\u064a\u0629<\/a>\t\t\t\t\t\t\t<\/div>\n\t\t\t\t\t\t\t\t\t\t\t\t\t\t<h2 class=\"entry_title\"><a href=\"http:\/\/ccs-btp.com\/ar\/2025\/01\/10\/%d8%b5%d9%88%d8%a7%d9%85%d8%b9-%d8%aa%d8%ae%d8%b2%d9%8a%d9%86-%d8%a8%d8%b3%d8%b9%d8%a9-35000-%d8%b7%d9%86-%d9%85%d9%86-%d8%a7%d9%84%d9%82%d9%85%d8%ad\/\" rel=\"bookmark\">\u0635\u0648\u0627\u0645\u0639 \u062a\u062e\u0632\u064a\u0646 \u0628\u0633\u0639\u0629 35,000 \u0637\u0646 \u0645\u0646 \u0627\u0644\u0642\u0645\u062d<\/a><\/h2>\t\t\t\t\t\t<\/div>\n\t\t\t\t\t\t\t\t\t\t\t\t<div class=\"entry-excerpt\">\n\t\t\t\t\t\t\t\t\t\t\t\t\t<\/div><!-- .entry-content -->\n\t\t\t\t\t\t\t\t\t\t\t\t\t\t\t\t\t<\/div>\n\t\t\t\t<\/div>\n\t\t\t<\/article> <!-- #post-## -->\n\n\t\t\t\t\t\t<div class=\"clearfix\"><\/div>\n\t\t<\/div>\n\n\t\t\t\t\t\t<\/div>\n\t\t\t\t<\/div>\n\t\t\t\t\t<\/div>\n\t\t<\/div>\n\t\t\t\t\t<\/div>\n\t\t<\/section>\n\t\t\t\t<\/div>\n\t\t","protected":false},"excerpt":{"rendered":"<p>\u0645\u0634\u0627\u0631\u064a\u0639 \u0635\u0646\u0627\u0639\u064a\u0629 Projets industriels Hangard MS m\u00e9dicaux Projets industriels Usine de fabrication des p\u00e2tes alimentaires Projets industriels Usine de traitement poisson Projets industriels Usine de fabrication de pl\u00e2tre Projets industriels Silos de stockage de 35000 T bl\u00e9<\/p>\n","protected":false},"author":1,"featured_media":0,"parent":0,"menu_order":0,"comment_status":"closed","ping_status":"closed","template":"empty-template.php","meta":{"_acf_changed":false,"footnotes":""},"class_list":["post-3992","page","type-page","status-publish","hentry"],"acf":[],"_links":{"self":[{"href":"http:\/\/ccs-btp.com\/ar\/wp-json\/wp\/v2\/pages\/3992","targetHints":{"allow":["GET"]}}],"collection":[{"href":"http:\/\/ccs-btp.com\/ar\/wp-json\/wp\/v2\/pages"}],"about":[{"href":"http:\/\/ccs-btp.com\/ar\/wp-json\/wp\/v2\/types\/page"}],"author":[{"embeddable":true,"href":"http:\/\/ccs-btp.com\/ar\/wp-json\/wp\/v2\/users\/1"}],"replies":[{"embeddable":true,"href":"http:\/\/ccs-btp.com\/ar\/wp-json\/wp\/v2\/comments?post=3992"}],"version-history":[{"count":1,"href":"http:\/\/ccs-btp.com\/ar\/wp-json\/wp\/v2\/pages\/3992\/revisions"}],"predecessor-version":[{"id":3994,"href":"http:\/\/ccs-btp.com\/ar\/wp-json\/wp\/v2\/pages\/3992\/revisions\/3994"}],"wp:attachment":[{"href":"http:\/\/ccs-btp.com\/ar\/wp-json\/wp\/v2\/media?parent=3992"}],"curies":[{"name":"wp","href":"https:\/\/api.w.org\/{rel}","templated":true}]}}