{"id":4080,"date":"2026-01-14T09:45:59","date_gmt":"2026-01-14T09:45:59","guid":{"rendered":"https:\/\/ccs-btp.com\/%d9%85%d8%a8%d8%a7%d9%86%d9%8a-%d9%88%d9%85%d9%86%d8%b4%d8%a2%d8%aa\/"},"modified":"2026-04-17T08:45:42","modified_gmt":"2026-04-17T08:45:42","slug":"%d9%85%d8%a8%d8%a7%d9%86%d9%8a-%d9%88%d9%85%d9%86%d8%b4%d8%a2%d8%aa","status":"publish","type":"page","link":"http:\/\/ccs-btp.com\/ar\/%d9%85%d8%a8%d8%a7%d9%86%d9%8a-%d9%88%d9%85%d9%86%d8%b4%d8%a2%d8%aa\/","title":{"rendered":"\u0645\u0628\u0627\u0646\u064a \u0648\u0645\u0646\u0634\u0622\u062a"},"content":{"rendered":"\t\t<div data-elementor-type=\"wp-page\" data-elementor-id=\"4080\" class=\"elementor elementor-4080 elementor-3781\">\n\t\t\t\t\t\t<section class=\"elementor-section elementor-top-section elementor-element elementor-element-10435c6 elementor-section-boxed elementor-section-height-default elementor-section-height-default\" data-id=\"10435c6\" data-element_type=\"section\" data-e-type=\"section\" data-settings=\"{&quot;background_background&quot;:&quot;classic&quot;}\">\n\t\t\t\t\t\t<div class=\"elementor-container elementor-column-gap-default\">\n\t\t\t\t\t<div class=\"elementor-column elementor-col-100 elementor-top-column elementor-element elementor-element-847fbd1\" data-id=\"847fbd1\" data-element_type=\"column\" data-e-type=\"column\">\n\t\t\t<div class=\"elementor-widget-wrap elementor-element-populated\">\n\t\t\t\t\t\t<div class=\"elementor-element elementor-element-feb49ee elementor-widget elementor-widget-sc-heading\" data-id=\"feb49ee\" data-element_type=\"widget\" data-e-type=\"widget\" data-widget_type=\"sc-heading.default\">\n\t\t\t\t<div class=\"elementor-widget-container\">\n\t\t\t\t\t\t\t<div id=\"wt-at-feb49ee\" class=\"headng-wrap center\">\n\t\t\t<div class=\"section-heading\">\n\t\t\t\t\t\t\t\t\t\t\t<h2\t\t\t\t class=\"heading\"\t\t\t\t>\u0645\u0628\u0627\u0646\u064a \u0648\u0645\u0646\u0634\u0622\u062a<\/h2>\n\t\t\t\t\t\t\t\t\t\t\t<\/div>\n\t\t<\/div>\n\n\t\t\t\t\t<\/div>\n\t\t\t\t<\/div>\n\t\t\t\t\t<\/div>\n\t\t<\/div>\n\t\t\t\t\t<\/div>\n\t\t<\/section>\n\t\t\t\t<section class=\"elementor-section elementor-top-section elementor-element elementor-element-bd62c88 elementor-section-boxed elementor-section-height-default elementor-section-height-default\" data-id=\"bd62c88\" data-element_type=\"section\" data-e-type=\"section\">\n\t\t\t\t\t\t<div class=\"elementor-container elementor-column-gap-default\">\n\t\t\t\t\t<div class=\"elementor-column elementor-col-100 elementor-top-column elementor-element elementor-element-1525dec\" data-id=\"1525dec\" data-element_type=\"column\" data-e-type=\"column\">\n\t\t\t<div class=\"elementor-widget-wrap elementor-element-populated\">\n\t\t\t\t\t\t<div class=\"elementor-element elementor-element-f4afa45 elementor-widget elementor-widget-sc-blog\" data-id=\"f4afa45\" data-element_type=\"widget\" data-e-type=\"widget\" data-widget_type=\"sc-blog.default\">\n\t\t\t\t<div class=\"elementor-widget-container\">\n\t\t\t\t\t\n\t\t\n\t\t<div class=\"el-blog-posts\">\n\n\t\t\n\t\t\t<article class=\"blog-post post-4106 post type-post status-publish format-standard has-post-thumbnail hentry category-61 tag-53 tag-52 tag-55 tag-54 tag-56\" id=\"post-4106\">\n\t\t\t\t<div class=\"blog-post-inner\">\n\t\t\t\t\t<div class=\"entry_thumb\">\n\t\t\t\t\t\t<a href=\"http:\/\/ccs-btp.com\/ar\/2025\/01\/10\/%d9%85%d8%a8%d9%86%d9%89-%d9%85%d9%86-15-%d8%b7%d8%a7%d8%a8%d9%82%d9%8b%d8%a7-%d9%88%d9%82%d8%a8%d9%88\/\" class=\"entry_thumb-link\">\n\t\t\t\t\t\t\t<img fetchpriority=\"high\" decoding=\"async\" width=\"1226\" height=\"725\" src=\"http:\/\/ccs-btp.com\/wp-content\/uploads\/2025\/01\/Image10.png\" class=\"attachment-400x300-blog size-400x300-blog wp-post-image\" alt=\"\" srcset=\"http:\/\/ccs-btp.com\/wp-content\/uploads\/2025\/01\/Image10.png 1226w, http:\/\/ccs-btp.com\/wp-content\/uploads\/2025\/01\/Image10-300x177.png 300w, http:\/\/ccs-btp.com\/wp-content\/uploads\/2025\/01\/Image10-1024x606.png 1024w, http:\/\/ccs-btp.com\/wp-content\/uploads\/2025\/01\/Image10-768x454.png 768w\" sizes=\"(max-width: 1226px) 100vw, 1226px\" \/>\t\t\t\t\t\t<\/a>\n\t\t\t\t\t<\/div>\n\n\t\t\t\t\t<div class=\"entry_text\">\n\t\t\t\t\t\t<div class=\"entry_header\">\n\t\t\t\t\t\t\t\t\t\t\t\t\t\t<div class=\"meta-info show\">\n\t\t\t\t\t\t\t<a href=\"http:\/\/ccs-btp.com\/ar\/category\/%d9%85%d8%a8%d8%a7%d9%86%d9%8d-%d9%88%d8%b9%d9%82%d8%a7%d8%b1%d8%a7%d8%aa\/\" class=\"post-cat\">\u0645\u0628\u0627\u0646\u064d \u0648\u0639\u0642\u0627\u0631\u0627\u062a<\/a>\t\t\t\t\t\t\t<\/div>\n\t\t\t\t\t\t\t\t\t\t\t\t\t\t<h2 class=\"entry_title\"><a href=\"http:\/\/ccs-btp.com\/ar\/2025\/01\/10\/%d9%85%d8%a8%d9%86%d9%89-%d9%85%d9%86-15-%d8%b7%d8%a7%d8%a8%d9%82%d9%8b%d8%a7-%d9%88%d9%82%d8%a8%d9%88\/\" rel=\"bookmark\">\u0645\u0628\u0646\u0649 \u0645\u0646 15 \u0637\u0627\u0628\u0642\u064b\u0627 \u0648\u0642\u0628\u0648<\/a><\/h2>\t\t\t\t\t\t<\/div>\n\t\t\t\t\t\t\t\t\t\t\t\t<div class=\"entry-excerpt\">\n\t\t\t\t\t\t\t\t\t\t\t\t\t<\/div><!-- .entry-content -->\n\t\t\t\t\t\t\t\t\t\t\t\t\t\t\t\t\t<\/div>\n\t\t\t\t<\/div>\n\t\t\t<\/article> <!-- #post-## -->\n\n\t\t\t\n\t\t\t<article class=\"blog-post post-4092 post type-post status-publish format-standard has-post-thumbnail hentry category-61 tag-53 tag-52 tag-55 tag-54 tag-56\" id=\"post-4092\">\n\t\t\t\t<div class=\"blog-post-inner\">\n\t\t\t\t\t<div class=\"entry_thumb\">\n\t\t\t\t\t\t<a href=\"http:\/\/ccs-btp.com\/ar\/2025\/01\/10\/%d9%85%d8%a8%d9%86%d9%89-%d9%85%d9%83%d9%88%d9%86-%d9%85%d9%86-10-%d8%b7%d9%88%d8%a7%d8%a8%d9%82-%d9%88%d8%b7%d8%a7%d8%a8%d9%82-%d8%b3%d9%81%d9%84%d9%8a\/\" class=\"entry_thumb-link\">\n\t\t\t\t\t\t\t<img decoding=\"async\" width=\"615\" height=\"393\" src=\"http:\/\/ccs-btp.com\/wp-content\/uploads\/2025\/01\/Image11.png\" class=\"attachment-400x300-blog size-400x300-blog wp-post-image\" alt=\"\" srcset=\"http:\/\/ccs-btp.com\/wp-content\/uploads\/2025\/01\/Image11.png 615w, http:\/\/ccs-btp.com\/wp-content\/uploads\/2025\/01\/Image11-300x192.png 300w\" sizes=\"(max-width: 615px) 100vw, 615px\" \/>\t\t\t\t\t\t<\/a>\n\t\t\t\t\t<\/div>\n\n\t\t\t\t\t<div class=\"entry_text\">\n\t\t\t\t\t\t<div class=\"entry_header\">\n\t\t\t\t\t\t\t\t\t\t\t\t\t\t<div class=\"meta-info show\">\n\t\t\t\t\t\t\t<a href=\"http:\/\/ccs-btp.com\/ar\/category\/%d9%85%d8%a8%d8%a7%d9%86%d9%8d-%d9%88%d8%b9%d9%82%d8%a7%d8%b1%d8%a7%d8%aa\/\" class=\"post-cat\">\u0645\u0628\u0627\u0646\u064d \u0648\u0639\u0642\u0627\u0631\u0627\u062a<\/a>\t\t\t\t\t\t\t<\/div>\n\t\t\t\t\t\t\t\t\t\t\t\t\t\t<h2 class=\"entry_title\"><a href=\"http:\/\/ccs-btp.com\/ar\/2025\/01\/10\/%d9%85%d8%a8%d9%86%d9%89-%d9%85%d9%83%d9%88%d9%86-%d9%85%d9%86-10-%d8%b7%d9%88%d8%a7%d8%a8%d9%82-%d9%88%d8%b7%d8%a7%d8%a8%d9%82-%d8%b3%d9%81%d9%84%d9%8a\/\" rel=\"bookmark\">\u0645\u0628\u0646\u0649 \u0645\u0643\u0648\u0646 \u0645\u0646 10 \u0637\u0648\u0627\u0628\u0642 \u0648\u0637\u0627\u0628\u0642 \u0633\u0641\u0644\u064a<\/a><\/h2>\t\t\t\t\t\t<\/div>\n\t\t\t\t\t\t\t\t\t\t\t\t<div class=\"entry-excerpt\">\n\t\t\t\t\t\t\t\t\t\t\t\t\t<\/div><!-- .entry-content -->\n\t\t\t\t\t\t\t\t\t\t\t\t\t\t\t\t\t<\/div>\n\t\t\t\t<\/div>\n\t\t\t<\/article> <!-- #post-## -->\n\n\t\t\t\n\t\t\t<article class=\"blog-post post-4083 post type-post status-publish format-standard has-post-thumbnail hentry category-61\" id=\"post-4083\">\n\t\t\t\t<div class=\"blog-post-inner\">\n\t\t\t\t\t<div class=\"entry_thumb\">\n\t\t\t\t\t\t<a href=\"http:\/\/ccs-btp.com\/ar\/2026\/01\/14\/%d9%81%d9%86%d8%af%d9%82-sunset-r10\/\" class=\"entry_thumb-link\">\n\t\t\t\t\t\t\t<img decoding=\"async\" width=\"1080\" height=\"1020\" src=\"http:\/\/ccs-btp.com\/wp-content\/uploads\/2026\/01\/WhatsApp-Image-2026-01-08-at-13.34.53.jpeg\" class=\"attachment-400x300-blog size-400x300-blog wp-post-image\" alt=\"\" srcset=\"http:\/\/ccs-btp.com\/wp-content\/uploads\/2026\/01\/WhatsApp-Image-2026-01-08-at-13.34.53.jpeg 1080w, http:\/\/ccs-btp.com\/wp-content\/uploads\/2026\/01\/WhatsApp-Image-2026-01-08-at-13.34.53-300x283.jpeg 300w, http:\/\/ccs-btp.com\/wp-content\/uploads\/2026\/01\/WhatsApp-Image-2026-01-08-at-13.34.53-1024x967.jpeg 1024w, http:\/\/ccs-btp.com\/wp-content\/uploads\/2026\/01\/WhatsApp-Image-2026-01-08-at-13.34.53-768x725.jpeg 768w\" sizes=\"(max-width: 1080px) 100vw, 1080px\" \/>\t\t\t\t\t\t<\/a>\n\t\t\t\t\t<\/div>\n\n\t\t\t\t\t<div class=\"entry_text\">\n\t\t\t\t\t\t<div class=\"entry_header\">\n\t\t\t\t\t\t\t\t\t\t\t\t\t\t<div class=\"meta-info show\">\n\t\t\t\t\t\t\t<a href=\"http:\/\/ccs-btp.com\/ar\/category\/%d9%85%d8%a8%d8%a7%d9%86%d9%8d-%d9%88%d8%b9%d9%82%d8%a7%d8%b1%d8%a7%d8%aa\/\" class=\"post-cat\">\u0645\u0628\u0627\u0646\u064d \u0648\u0639\u0642\u0627\u0631\u0627\u062a<\/a>\t\t\t\t\t\t\t<\/div>\n\t\t\t\t\t\t\t\t\t\t\t\t\t\t<h2 class=\"entry_title\"><a href=\"http:\/\/ccs-btp.com\/ar\/2026\/01\/14\/%d9%81%d9%86%d8%af%d9%82-sunset-r10\/\" rel=\"bookmark\">\u0641\u0646\u062f\u0642 SUNSET (R+10)<\/a><\/h2>\t\t\t\t\t\t<\/div>\n\t\t\t\t\t\t\t\t\t\t\t\t<div class=\"entry-excerpt\">\n\t\t\t\t\t\t\t\t\t\t\t\t\t<\/div><!-- .entry-content -->\n\t\t\t\t\t\t\t\t\t\t\t\t\t\t\t\t\t<\/div>\n\t\t\t\t<\/div>\n\t\t\t<\/article> <!-- #post-## -->\n\n\t\t\t\n\t\t\t<article class=\"blog-post post-4064 post type-post status-publish format-standard has-post-thumbnail hentry category-61\" id=\"post-4064\">\n\t\t\t\t<div class=\"blog-post-inner\">\n\t\t\t\t\t<div class=\"entry_thumb\">\n\t\t\t\t\t\t<a href=\"http:\/\/ccs-btp.com\/ar\/2026\/01\/14\/%d9%81%d9%86%d8%af%d9%82-%d8%b5%d9%86-%d8%b3%d9%8a%d8%aa-%d8%a3%d8%b1%d8%b6%d9%8a-6-%d8%b7%d9%88%d8%a7%d8%a8%d9%82\/\" class=\"entry_thumb-link\">\n\t\t\t\t\t\t\t<img loading=\"lazy\" decoding=\"async\" width=\"1024\" height=\"768\" src=\"http:\/\/ccs-btp.com\/wp-content\/uploads\/2026\/01\/WhatsApp-Image-2026-01-08-at-13.12.02.jpeg\" class=\"attachment-400x300-blog size-400x300-blog wp-post-image\" alt=\"\" srcset=\"http:\/\/ccs-btp.com\/wp-content\/uploads\/2026\/01\/WhatsApp-Image-2026-01-08-at-13.12.02.jpeg 1024w, http:\/\/ccs-btp.com\/wp-content\/uploads\/2026\/01\/WhatsApp-Image-2026-01-08-at-13.12.02-300x225.jpeg 300w, http:\/\/ccs-btp.com\/wp-content\/uploads\/2026\/01\/WhatsApp-Image-2026-01-08-at-13.12.02-768x576.jpeg 768w\" sizes=\"(max-width: 1024px) 100vw, 1024px\" \/>\t\t\t\t\t\t<\/a>\n\t\t\t\t\t<\/div>\n\n\t\t\t\t\t<div class=\"entry_text\">\n\t\t\t\t\t\t<div class=\"entry_header\">\n\t\t\t\t\t\t\t\t\t\t\t\t\t\t<div class=\"meta-info show\">\n\t\t\t\t\t\t\t<a href=\"http:\/\/ccs-btp.com\/ar\/category\/%d9%85%d8%a8%d8%a7%d9%86%d9%8d-%d9%88%d8%b9%d9%82%d8%a7%d8%b1%d8%a7%d8%aa\/\" class=\"post-cat\">\u0645\u0628\u0627\u0646\u064d \u0648\u0639\u0642\u0627\u0631\u0627\u062a<\/a>\t\t\t\t\t\t\t<\/div>\n\t\t\t\t\t\t\t\t\t\t\t\t\t\t<h2 class=\"entry_title\"><a href=\"http:\/\/ccs-btp.com\/ar\/2026\/01\/14\/%d9%81%d9%86%d8%af%d9%82-%d8%b5%d9%86-%d8%b3%d9%8a%d8%aa-%d8%a3%d8%b1%d8%b6%d9%8a-6-%d8%b7%d9%88%d8%a7%d8%a8%d9%82\/\" rel=\"bookmark\">\u0641\u0646\u062f\u0642 \u0635\u0646 \u0633\u064a\u062a (\u0623\u0631\u0636\u064a + 6 \u0637\u0648\u0627\u0628\u0642)<\/a><\/h2>\t\t\t\t\t\t<\/div>\n\t\t\t\t\t\t\t\t\t\t\t\t<div class=\"entry-excerpt\">\n\t\t\t\t\t\t\t\t\t\t\t\t\t<\/div><!-- .entry-content -->\n\t\t\t\t\t\t\t\t\t\t\t\t\t\t\t\t\t<\/div>\n\t\t\t\t<\/div>\n\t\t\t<\/article> <!-- #post-## -->\n\n\t\t\t\n\t\t\t<article class=\"blog-post post-4051 post type-post status-publish format-standard has-post-thumbnail hentry category-61 tag-53 tag-52 tag-55 tag-54 tag-56\" id=\"post-4051\">\n\t\t\t\t<div class=\"blog-post-inner\">\n\t\t\t\t\t<div class=\"entry_thumb\">\n\t\t\t\t\t\t<a href=\"http:\/\/ccs-btp.com\/ar\/2025\/01\/10\/%d9%85%d9%82%d8%b1-bfi-%d9%85%d8%a8%d9%86%d9%89-%d9%85%d9%83%d9%88%d9%86-%d9%85%d9%86-%d8%b7%d8%a7%d8%a8%d9%82-%d8%a3%d8%b1%d8%b6%d9%8a-%d9%886-%d8%b7%d9%88%d8%a7%d8%a8%d9%82-%d9%85%d8%b9-%d9%82%d8%a8\/\" class=\"entry_thumb-link\">\n\t\t\t\t\t\t\t<img loading=\"lazy\" decoding=\"async\" width=\"751\" height=\"460\" src=\"http:\/\/ccs-btp.com\/wp-content\/uploads\/2025\/01\/Image9.jpg\" class=\"attachment-400x300-blog size-400x300-blog wp-post-image\" alt=\"\" srcset=\"http:\/\/ccs-btp.com\/wp-content\/uploads\/2025\/01\/Image9.jpg 751w, http:\/\/ccs-btp.com\/wp-content\/uploads\/2025\/01\/Image9-300x184.jpg 300w\" sizes=\"(max-width: 751px) 100vw, 751px\" \/>\t\t\t\t\t\t<\/a>\n\t\t\t\t\t<\/div>\n\n\t\t\t\t\t<div class=\"entry_text\">\n\t\t\t\t\t\t<div class=\"entry_header\">\n\t\t\t\t\t\t\t\t\t\t\t\t\t\t<div class=\"meta-info show\">\n\t\t\t\t\t\t\t<a href=\"http:\/\/ccs-btp.com\/ar\/category\/%d9%85%d8%a8%d8%a7%d9%86%d9%8d-%d9%88%d8%b9%d9%82%d8%a7%d8%b1%d8%a7%d8%aa\/\" class=\"post-cat\">\u0645\u0628\u0627\u0646\u064d \u0648\u0639\u0642\u0627\u0631\u0627\u062a<\/a>\t\t\t\t\t\t\t<\/div>\n\t\t\t\t\t\t\t\t\t\t\t\t\t\t<h2 class=\"entry_title\"><a href=\"http:\/\/ccs-btp.com\/ar\/2025\/01\/10\/%d9%85%d9%82%d8%b1-bfi-%d9%85%d8%a8%d9%86%d9%89-%d9%85%d9%83%d9%88%d9%86-%d9%85%d9%86-%d8%b7%d8%a7%d8%a8%d9%82-%d8%a3%d8%b1%d8%b6%d9%8a-%d9%886-%d8%b7%d9%88%d8%a7%d8%a8%d9%82-%d9%85%d8%b9-%d9%82%d8%a8\/\" rel=\"bookmark\">\u0645\u0642\u0631 BFI \u0645\u0628\u0646\u0649 \u0645\u0643\u0648\u0646 \u0645\u0646 \u0637\u0627\u0628\u0642 \u0623\u0631\u0636\u064a \u06486 \u0637\u0648\u0627\u0628\u0642 \u0645\u0639 \u0642\u0628\u0648<\/a><\/h2>\t\t\t\t\t\t<\/div>\n\t\t\t\t\t\t\t\t\t\t\t\t<div class=\"entry-excerpt\">\n\t\t\t\t\t\t\t\u0622\u0644\u0627\u062a \u062d\u0641\u0631 \u0647\u064a\u062f\u0631\u0648\u0644\u064a\u0643\u064a\u0629 \u0644\u062a\u062b\u0628\u064a\u062a \u0627\u0644\u0643\u0627\u0628\u0644\u0627\u062a \u0639\u0644\u0649 \u0645\u0633\u062a\u0648\u0649 \u0627\u0644\u062c\u062f\u0627\u0631 \u062d\u0641\u0627\u0631\u0629 \u0627\u0644\u062c\u062f\u0631\u0627\u0646 \u0627\u0644\u0645\u0635\u0628\u0648\u0628\u0629\t\t\t\t\t\t<\/div><!-- .entry-content -->\n\t\t\t\t\t\t\t\t\t\t\t\t\t\t\t\t\t<\/div>\n\t\t\t\t<\/div>\n\t\t\t<\/article> <!-- #post-## -->\n\n\t\t\t\t\t\t<div class=\"clearfix\"><\/div>\n\t\t<\/div>\n\n\t\t\t\t\t\t<\/div>\n\t\t\t\t<\/div>\n\t\t\t\t\t<\/div>\n\t\t<\/div>\n\t\t\t\t\t<\/div>\n\t\t<\/section>\n\t\t\t\t<\/div>\n\t\t","protected":false},"excerpt":{"rendered":"<p>\u0645\u0628\u0627\u0646\u064a \u0648\u0645\u0646\u0634\u0622\u062a B\u00e2timents et immeubles Immeuble R+15 avec sous sol B\u00e2timents et immeubles Immeuble R+10 avec sous sol B\u00e2timents et immeubles Si\u00e8ge BFI B\u00e2timent R+6 avec sous sol Machines hydroforeuses pour l&rsquo;ancarage des cables au niveau du paroi Pelle excavatrice de paroi&#8230; B\u00e2timents et immeubles Hotel SUNSET (R+10) B\u00e2timents et immeubles Hotel SUNSET (R+6)<\/p>\n","protected":false},"author":1,"featured_media":0,"parent":0,"menu_order":0,"comment_status":"closed","ping_status":"closed","template":"empty-template.php","meta":{"_acf_changed":false,"footnotes":""},"class_list":["post-4080","page","type-page","status-publish","hentry"],"acf":[],"_links":{"self":[{"href":"http:\/\/ccs-btp.com\/ar\/wp-json\/wp\/v2\/pages\/4080","targetHints":{"allow":["GET"]}}],"collection":[{"href":"http:\/\/ccs-btp.com\/ar\/wp-json\/wp\/v2\/pages"}],"about":[{"href":"http:\/\/ccs-btp.com\/ar\/wp-json\/wp\/v2\/types\/page"}],"author":[{"embeddable":true,"href":"http:\/\/ccs-btp.com\/ar\/wp-json\/wp\/v2\/users\/1"}],"replies":[{"embeddable":true,"href":"http:\/\/ccs-btp.com\/ar\/wp-json\/wp\/v2\/comments?post=4080"}],"version-history":[{"count":1,"href":"http:\/\/ccs-btp.com\/ar\/wp-json\/wp\/v2\/pages\/4080\/revisions"}],"predecessor-version":[{"id":4082,"href":"http:\/\/ccs-btp.com\/ar\/wp-json\/wp\/v2\/pages\/4080\/revisions\/4082"}],"wp:attachment":[{"href":"http:\/\/ccs-btp.com\/ar\/wp-json\/wp\/v2\/media?parent=4080"}],"curies":[{"name":"wp","href":"https:\/\/api.w.org\/{rel}","templated":true}]}}